{"id":52,"date":"2020-12-08T17:29:07","date_gmt":"2020-12-08T16:29:07","guid":{"rendered":"https:\/\/zhd-consulting.com\/index.php\/mesmerize-pro\/"},"modified":"2024-04-13T20:55:09","modified_gmt":"2024-04-13T18:55:09","slug":"mesmerize-pro","status":"publish","type":"page","link":"https:\/\/zhd-consulting.com\/","title":{"rendered":"Front Page"},"content":{"rendered":"<div  id=\"overlappable-4\" style=\"background-color: #ffffff;\" data-label=\"Overlappable\" data-id=\"overlappable-4\" data-export-id=\"overlappable-4\" data-category=\"overlappable\" class=\"overlappable-4 content-section content-section-spacing\" data-overlap=\"true\"><div  class=\"gridContainer\"> <div  data-type=\"row\" class=\"row spaced-cols text-center\"><div  class=\"col-xs-12 col-sm-4 col-padding\"> <i  class=\"fa icon fa-clone large shadow-large-black round aligncenter reverse color1\"><\/i> <div  data-type=\"column\" class=\"\"> <h5  class=\"\">Etudes et architecture SI<\/h5> <p  class=\"\">Etudes d\u2019urbanisation SI, Architecture fonctionnelle transverse, Architecture technique, Architecture infra<\/p><\/div> <\/div> <div  class=\"col-xs-12 col-sm-4 col-padding\"> <i  class=\"fa icon fa-cogs large shadow-large-black round aligncenter reverse color1\"><\/i> <div  data-type=\"column\" class=\"\"><h5  class=\"\">Ma\u00eetrise d\u2019oeuvre<\/h5> <p  class=\"\">Conception, d\u00e9veloppement, int\u00e9gration, tests, gestion de projets, direction de projets, agilit\u00e9, devops<\/p><\/div> <\/div> <div  class=\"col-xs-12 col-sm-4 col-padding\"> <i  class=\"fa icon fa-magic large shadow-large-black round aligncenter reverse color1\"><\/i> <div  data-type=\"column\" class=\"\"><h5  class=\"\">WEB et Marketing Digital<\/h5> <p  class=\"\">vue 360 du monde digital, comunity management, web, marketing digital<\/p><\/div> <\/div><\/div> <\/div><\/div><div  id=\"about-1\" style=\"background-color: #f5fafd;\" data-label=\"About\" data-id=\"about-1\" data-export-id=\"about-1\" data-category=\"about\" class=\"about-1 content-section\"><div  class=\"gridContainer\"> <div  class=\"row text-center\"><div  class=\"section-title-col\" data-type=\"column\">  <h2  class=\"\">Qui sommes-nous ?<\/h2> <p  class=\"lead\">\n<br >ZHD Consulting veut simplifier la rencontre entre consultants et recruteurs<br >ZHD Consulting est une ESN (Entreprise de Services Num\u00e9riques) fond\u00e9e par un r\u00e9seau d\u2019Architectes Entreprise intervenant sur des projets de transformation num\u00e9rique cross-technology et cross-domain depuis plus de 15 ans.<\/p><\/div> <\/div> <div  class=\"row\"> <div  class=\"button-holder space-bottom space-bottom-small\" data-type=\"column\"> <a  class=\"button color1\" href=\"#\">GET STARTED NOW<\/a><\/div> <div  class=\"col-xs bottom-xs flexbox image-group-bottom-3-img space-bottom-xs center-xs\"> <img decoding=\"async\"  class=\"left-img shadow-large-black\" data-size=\"500x300\" src=\"https:\/\/zhd-consulting.com\/wp-content\/plugins\/mesmerize-companion\/theme-data\/mesmerize\/sections\/images\/computer-2569652.jpg\"> <img decoding=\"async\"  class=\"center-img shadow-large-black\" data-size=\"500x300\" src=\"https:\/\/zhd-consulting.com\/wp-content\/plugins\/mesmerize-companion\/theme-data\/mesmerize\/sections\/images\/apple-1838564.jpg\"> <img decoding=\"async\"  class=\"right-img shadow-large-black\" data-size=\"500x300\" src=\"https:\/\/zhd-consulting.com\/wp-content\/plugins\/mesmerize-companion\/theme-data\/mesmerize\/sections\/images\/laptop-2559795.jpg\"><\/div> <\/div><\/div> <\/div><div  id=\"features-3\" style=\"background-color: #ffffff;\" data-label=\"Features\" data-id=\"features-12-card-bordered\" data-export-id=\"features-12-card-bordered\" data-category=\"features\" class=\"features-12-card-bordered content-section content-section-spacing \"><div  class=\"gridContainer\"> <div  class=\"row text-center\"><div  class=\"section-title-col\" data-type=\"column\"> <h2  class=\"\">Notre m\u00e9tier<\/h2> <p  class=\"lead\">Nous accompagnons les entreprises dans leurs projets digitaux en s\u2019appuyant sur :<br >\n\u2013 \ufeffnotre exp\u00e9rience et expertise dans le domaine des syst\u00e8mes d\u2019information.<br >\n\u2013 notre ma\u00eetrise des enjeux de digitalisation.<br >\n\u2013 notre r\u00e9seau de consultants les plus comp\u00e9tents intervenant dans les projets de transformation depuis plus de 15 ans.<br >\nNous vous accompagnons et mettons \u00e0 votre disposition les profils les plus ad\u00e9quats \u00e0 vos besoins. Les profils qui vous sont propos\u00e9s sont :<br >\nqualifi\u00e9s et valid\u00e9s par nos experts IT Talent Manager<br >\nrecommand\u00e9s par notre r\u00e9seau de consultants et freelances de confiance<\/p><\/div> <\/div> <div  class=\"row spaced-cols\" data-type=\"row\"> <div  class=\"col-sm-6\"> <div  class=\"card row-card bordered y-move\"> <div  class=\"row\"> <div  class=\"col-sm-fit icon-column\"> <i  class=\"fa icon fa-connectdevelop round bordered color2\"><\/i> <\/div> <div  class=\"col-sm\" data-type=\"column\"> <h5  class=\"color2\">Une autre vision du service<\/h5> <p  class=\"\">Bas\u00e9e sur une d\u00e9marche collaborative, notre m\u00e9thode veut simplifier le process de recrutement pour les entreprises. ZHD Consulting fournit \u00e0 ses clients les profils les plus ad\u00e9quats \u00e0 leurs besoins, et ce aux meilleurs tarifs du march\u00e9.<br >\nLa s\u00e9lection des profils propos\u00e9s repose sur une parfaite ma\u00eetrise des contextes des projets digitaux et des besoins et contraintes des entreprises.<\/p><\/div> <\/div><\/div> <\/div> <div  class=\"col-sm-6\"> <div  class=\"card row-card bordered y-move\"> <div  class=\"row\"> <div  class=\"col-sm-fit icon-column\"> <i  class=\"fa icon fa-codepen round bordered color2\"><\/i> <\/div> <div  class=\"col-sm\" data-type=\"column\"> <h5  class=\"color2\">Notre r\u00e9seau : vos experts<\/h5> <p  class=\"\">ZHD Consulting s\u2019appuie sur son r\u00e9seau de consultant IT, experts dans diff\u00e9rents m\u00e9tiers et technologies :<br >\nConseil \u2013 Management de projets \u2013 Direction de projets \u2013 Transformation du SI \u2013 Agilit\u00e9 \u2013 AMOA \u2013 PMO -Testing \u2013 Support \u2013 TMA<br >\nBig Data \u2013 Analyse de la donn\u00e9e \u2013 D\u00e9cisionnel \u2013 CRM \u2013 ERP \u2013 Billing \u2013<br >\nBusiness Intelligence \u2013 e-commerce \u2013 Vente<\/p><\/div> <\/div><\/div> <\/div> <div  class=\"col-sm-6\"> <div  class=\"card row-card bordered y-move\"> <div  class=\"row\"> <div  class=\"col-sm-fit icon-column\"> <i  class=\"fa icon fa-cube round bordered color2\"><\/i> <\/div> <div  class=\"col-sm\" data-type=\"column\"> <h5  class=\"color2\">Trouvons votre prochaine mission<\/h5> <p  class=\"\">ZHD Consulting se charge de vous trouver la mission qui correspond le mieux \u00e0 vos comp\u00e9tences et \u00e0 vos attentes. Notre atout r\u00e9side dans la qualit\u00e9 de notre r\u00e9seau de consultants IT construit depuis plus de 15 ans. Notre objectif est que nos profils propos\u00e9s donnent satisfaction \u00e0 nos clients. Nous croyons fort que tout consultant doit se trouver dans les meilleures dispositions dans l\u2019exercice de ses fonctions.<\/p><\/div> <\/div><\/div> <\/div> <div  class=\"col-sm-6\"> <div  class=\"card row-card bordered y-move\"> <div  class=\"row\"> <div  class=\"col-sm-fit icon-column\"> <i  class=\"fa icon fa-database round bordered color2\"><\/i> <\/div> <div  class=\"col-sm\" data-type=\"column\"> <h5  class=\"color2\">Marketing digital<\/h5> <p  class=\"\">Accompagnement 360 degr\u00e9s dans vos projets digitaux<\/p><\/div> <\/div><\/div> <\/div><\/div> <\/div><\/div><div  id=\"content-13\" style=\"background-color: #f5fafd;\" data-label=\"Content\" data-id=\"content-2\" data-export-id=\"content-2\" data-category=\"content\" class=\"content-2 content-section content-section-spacing\"><div > <div  class=\"row middle-xs\"><div  class=\"col-sm-5 bg-image shadow-large-black\" data-bg=\"image\"><\/div> <div  class=\"col-sm-7 full-col-left-padding full-col-right-padding\"> <div  class=\"row\"> <div  data-type=\"column\" class=\"space-bottom-small content-title-col\">  <h2  class=\"\">Nos secteurs d\u2019activit\u00e9<\/h2> <p  class=\"\">ZHD Consulting intervient principalement dans les secteurs d\u2019activit\u00e9 suivants :<\/p><\/div> <\/div> <div  class=\"row spaced-cols \" data-type=\"row\"> <div  class=\"col-xs-6\" data-type=\"column\"> <h5  class=\"\">T\u00e9l\u00e9com et M\u00e9dia<\/h5> <p  class=\"\">Dans un secteur en pleine mutation, les op\u00e9rateurs fixe et mobile, les MVNO, les FAI, les fournisseurs de contenu font face \u00e0 des enjeux de transformation num\u00e9rique pour exploiter pleinement le potentiel de la digitalisation. Ils doivent am\u00e9liorer leurs infrastructures et leurs applications, ainsi que leur productivit\u00e9.<\/p><\/div> <div  class=\"col-xs-6\" data-type=\"column\"><h5  class=\"\">Banques et Assurances<\/h5> <p  class=\"\">Les banques sont en pleine transformation.<br >\nA l\u2019\u00e8re de la r\u00e9volution num\u00e9rique, tous les secteurs de l\u2019\u00e9conomie ont d\u00fb faire face aux nouvelles technologies. Les organismes financiers ne font pas exception. Ils font face aux challenges de la digitalisation de masse.<\/p><\/div> <div  class=\"col-xs-6\" data-type=\"column\"><h5  class=\"\">Energie<\/h5> <p  class=\"\">Le secteur de l\u2019\u00e9nergie n\u2019\u00e9chappe pas \u00e0 la r\u00e9volution digitale. De plus en plus digitalis\u00e9s, les syst\u00e8mes \u00e9nerg\u00e9tiques vont en effet devenir de plus en plus fiables et efficaces. \u00c0 l\u2019heure de la transition \u00e9nerg\u00e9tique et du renforcement de la lutte contre le r\u00e9chauffement climatique, la modernisation et la digitalisation des outils de production semblent \u00eatre une voie toute trac\u00e9e pour les industriels soucieux d\u2019optimiser leurs performances \u00e9conomiques et \u00e9cologiques.<\/p><\/div> <div  class=\"col-xs-6\" data-type=\"column\"><h5  class=\"\">Grande distribution et Retail<\/h5> <p  class=\"\">Les secteurs de la distribution et de la grande consommation vont subir davantage de transformations lors de la prochaine d\u00e9cennie qu\u2019au cours des 40 derni\u00e8res ann\u00e9es. Un vecteur majeur de changement est d\u00e9j\u00e0 \u00e0 l\u2019\u0153uvre : la digitalisation : moteur de la transformation des entreprises leaders au cours de la prochaine d\u00e9cennie.<\/p><\/div> <\/div><\/div> <\/div><\/div> <\/div><div  id=\"content-14\" style=\"background-color: #ffffff;\" data-label=\"Content\" data-id=\"content-3\" data-export-id=\"content-3\" data-category=\"content\" class=\"content-3 content-section content-section-spacing\"><div > <div  class=\"row middle-xs\"><div  class=\"col-sm-7 full-col-left-padding full-col-right-padding\"> <div  class=\"row\"><div  data-type=\"column\" class=\"space-bottom-small content-title-col\">  <h2  class=\"\">Rejoignez-nous !<\/h2> <p  class=\"\">Donnez un nouvel \u00e9lan \u00e0 votre carri\u00e8re en rejoignant une entreprise jeune et ambitieuse. ZHD Consultingvous accompagne vers de plus belles opportunit\u00e9s. Notre \u00e9quipe vous conseille pour atteindre vos objectifs et \u00e9voluer.<br >\nZHD Consulting vous cherche la mission qui correspond parfaitement \u00e0 vos attentes et votre savoir-faire.<br >\nLa proc\u00e9dure de recrutement est simple :<br >\nUn Talent Manager d\u00e9di\u00e9 prendra contact avec vous pour faire votre connaissance et comprendre vos besoins, vous pr\u00e9senter la mission.<br >\nUn seul entretien suffit pour valider le profil.<br >\nSi la mission vous int\u00e9resse, un entretien client est organis\u00e9.<br >\nSi le client valide le profil et si la mission vous int\u00e9resse toujours, vous pouvez d\u00e9marrer et ZHD Consulting s\u2019occupera de la partie administrative et se charge de r\u00e9gler votre facture chaque mois.<\/p><\/div> <\/div> <div  class=\"row spaced-cols\" data-type=\"row\">   <div  class=\"col-xs-6\" data-type=\"column\"> <\/div>  <\/div><\/div> <div  class=\"col-sm-5 bg-image shadow-large-black revert-classes-holder\" data-bg=\"image\"><\/div><\/div> <\/div><\/div><div  id=\"contact-1\" data-label=\"Contact\" data-id=\"contact-1\" data-export-id=\"contact-1\" data-category=\"contact\" class=\"contact-1 content-section content-section-spacing white-text\" data-parallax-depth=\"20\"><div  class=\"gridContainer\"> <div  class=\"row text-center\"><div  class=\"section-title-col\" data-type=\"column\"> <h2  class=\"\">Contactez-nous<\/h2> <p  class=\"lead\">Adresse : 17 avenue de Poitou 92330 Sceaux France<br >\nMessagerie : contact@zhd-consulting.com<br >\nT\u00e9l\u00e9phone : (+33) 1 87 42 05 42<\/p><\/div> <\/div> <div  class=\"row text-center\"> <div  class=\"col-xs-12 col-sm-8 col-sm-offset-2 contact-form-wrapper inline-info\"> <div  class=\"card large-padding\"> <div  class=\"\" data-content-shortcode=\"mesmerize_contact_form\" data-editable=\"true\"><p style=\"text-align:center;color:#ababab\">Contact form will be displayed here. To activate it you have to set the \"contact form shortcode\" parameter in Customizer.<\/p><\/div><\/div> <\/div><\/div> <\/div><\/div>","protected":false},"excerpt":{"rendered":"<p>Etudes et architecture SI Etudes d\u2019urbanisation SI, Architecture fonctionnelle transverse, Architecture technique, Architecture infra Ma\u00eetrise d\u2019oeuvre Conception, d\u00e9veloppement, int\u00e9gration, tests, gestion de projets, direction de projets, agilit\u00e9, devops WEB et Marketing Digital vue 360 du monde digital, comunity management, web, marketing digital Qui sommes-nous ? ZHD Consulting veut simplifier la rencontre entre consultants et recruteursZHD&hellip; <br \/> <a class=\"read-more\" href=\"https:\/\/zhd-consulting.com\/\">Read more<\/a><\/p>\n","protected":false},"author":1,"featured_media":0,"parent":0,"menu_order":0,"comment_status":"closed","ping_status":"closed","template":"page-templates\/homepage.php","meta":{"footnotes":""},"class_list":["post-52","page","type-page","status-publish","hentry"],"yoast_head":"<!-- This site is optimized with the Yoast SEO plugin v26.9 - https:\/\/yoast.com\/product\/yoast-seo-wordpress\/ -->\n<title>Front Page - ZHD Consulting<\/title>\n<meta name=\"robots\" content=\"index, follow, max-snippet:-1, max-image-preview:large, max-video-preview:-1\" \/>\n<link rel=\"canonical\" href=\"https:\/\/zhd-consulting.com\/\" \/>\n<meta property=\"og:locale\" content=\"fr_FR\" \/>\n<meta property=\"og:type\" content=\"article\" \/>\n<meta property=\"og:title\" content=\"Front Page - ZHD Consulting\" \/>\n<meta property=\"og:description\" content=\"Etudes et architecture SI Etudes d\u2019urbanisation SI, Architecture fonctionnelle transverse, Architecture technique, Architecture infra Ma\u00eetrise d\u2019oeuvre Conception, d\u00e9veloppement, int\u00e9gration, tests, gestion de projets, direction de projets, agilit\u00e9, devops WEB et Marketing Digital vue 360 du monde digital, comunity management, web, marketing digital Qui sommes-nous ? ZHD Consulting veut simplifier la rencontre entre consultants et recruteursZHD&hellip; Read more\" \/>\n<meta property=\"og:url\" content=\"https:\/\/zhd-consulting.com\/\" \/>\n<meta property=\"og:site_name\" content=\"ZHD Consulting\" \/>\n<meta property=\"article:modified_time\" content=\"2024-04-13T18:55:09+00:00\" \/>\n<meta property=\"og:image\" content=\"https:\/\/zhd-consulting.com\/wp-content\/plugins\/mesmerize-companion\/theme-data\/mesmerize\/sections\/images\/computer-2569652.jpg\" \/>\n<meta name=\"twitter:card\" content=\"summary_large_image\" \/>\n<meta name=\"twitter:label1\" content=\"Dur\u00e9e de lecture estim\u00e9e\" \/>\n\t<meta name=\"twitter:data1\" content=\"4 minutes\" \/>\n<script type=\"application\/ld+json\" class=\"yoast-schema-graph\">{\"@context\":\"https:\/\/schema.org\",\"@graph\":[{\"@type\":\"WebPage\",\"@id\":\"https:\/\/zhd-consulting.com\/\",\"url\":\"https:\/\/zhd-consulting.com\/\",\"name\":\"Front Page - ZHD Consulting\",\"isPartOf\":{\"@id\":\"https:\/\/zhd-consulting.com\/#website\"},\"primaryImageOfPage\":{\"@id\":\"https:\/\/zhd-consulting.com\/#primaryimage\"},\"image\":{\"@id\":\"https:\/\/zhd-consulting.com\/#primaryimage\"},\"thumbnailUrl\":\"https:\/\/zhd-consulting.com\/wp-content\/plugins\/mesmerize-companion\/theme-data\/mesmerize\/sections\/images\/computer-2569652.jpg\",\"datePublished\":\"2020-12-08T16:29:07+00:00\",\"dateModified\":\"2024-04-13T18:55:09+00:00\",\"breadcrumb\":{\"@id\":\"https:\/\/zhd-consulting.com\/#breadcrumb\"},\"inLanguage\":\"fr-FR\",\"potentialAction\":[{\"@type\":\"ReadAction\",\"target\":[\"https:\/\/zhd-consulting.com\/\"]}]},{\"@type\":\"ImageObject\",\"inLanguage\":\"fr-FR\",\"@id\":\"https:\/\/zhd-consulting.com\/#primaryimage\",\"url\":\"https:\/\/zhd-consulting.com\/wp-content\/plugins\/mesmerize-companion\/theme-data\/mesmerize\/sections\/images\/computer-2569652.jpg\",\"contentUrl\":\"https:\/\/zhd-consulting.com\/wp-content\/plugins\/mesmerize-companion\/theme-data\/mesmerize\/sections\/images\/computer-2569652.jpg\"},{\"@type\":\"BreadcrumbList\",\"@id\":\"https:\/\/zhd-consulting.com\/#breadcrumb\",\"itemListElement\":[{\"@type\":\"ListItem\",\"position\":1,\"name\":\"Accueil\",\"item\":\"https:\/\/zhd-consulting.com\/\"},{\"@type\":\"ListItem\",\"position\":2,\"name\":\"Front Page\"}]},{\"@type\":\"WebSite\",\"@id\":\"https:\/\/zhd-consulting.com\/#website\",\"url\":\"https:\/\/zhd-consulting.com\/\",\"name\":\"ZHD Consulting\",\"description\":\"Etudes et conseil en syst\u00e8mes d&#039;information\",\"publisher\":{\"@id\":\"https:\/\/zhd-consulting.com\/#organization\"},\"potentialAction\":[{\"@type\":\"SearchAction\",\"target\":{\"@type\":\"EntryPoint\",\"urlTemplate\":\"https:\/\/zhd-consulting.com\/?s={search_term_string}\"},\"query-input\":{\"@type\":\"PropertyValueSpecification\",\"valueRequired\":true,\"valueName\":\"search_term_string\"}}],\"inLanguage\":\"fr-FR\"},{\"@type\":\"Organization\",\"@id\":\"https:\/\/zhd-consulting.com\/#organization\",\"name\":\"ZHD Consulting\",\"url\":\"https:\/\/zhd-consulting.com\/\",\"logo\":{\"@type\":\"ImageObject\",\"inLanguage\":\"fr-FR\",\"@id\":\"https:\/\/zhd-consulting.com\/#\/schema\/logo\/image\/\",\"url\":\"https:\/\/zhd-consulting.com\/wp-content\/uploads\/2019\/02\/cropped-logo_final-Copie-1.png\",\"contentUrl\":\"https:\/\/zhd-consulting.com\/wp-content\/uploads\/2019\/02\/cropped-logo_final-Copie-1.png\",\"width\":695,\"height\":350,\"caption\":\"ZHD Consulting\"},\"image\":{\"@id\":\"https:\/\/zhd-consulting.com\/#\/schema\/logo\/image\/\"}}]}<\/script>\n<!-- \/ Yoast SEO plugin. -->","yoast_head_json":{"title":"Front Page - ZHD Consulting","robots":{"index":"index","follow":"follow","max-snippet":"max-snippet:-1","max-image-preview":"max-image-preview:large","max-video-preview":"max-video-preview:-1"},"canonical":"https:\/\/zhd-consulting.com\/","og_locale":"fr_FR","og_type":"article","og_title":"Front Page - ZHD Consulting","og_description":"Etudes et architecture SI Etudes d\u2019urbanisation SI, Architecture fonctionnelle transverse, Architecture technique, Architecture infra Ma\u00eetrise d\u2019oeuvre Conception, d\u00e9veloppement, int\u00e9gration, tests, gestion de projets, direction de projets, agilit\u00e9, devops WEB et Marketing Digital vue 360 du monde digital, comunity management, web, marketing digital Qui sommes-nous ? ZHD Consulting veut simplifier la rencontre entre consultants et recruteursZHD&hellip; Read more","og_url":"https:\/\/zhd-consulting.com\/","og_site_name":"ZHD Consulting","article_modified_time":"2024-04-13T18:55:09+00:00","og_image":[{"url":"https:\/\/zhd-consulting.com\/wp-content\/plugins\/mesmerize-companion\/theme-data\/mesmerize\/sections\/images\/computer-2569652.jpg","type":"","width":"","height":""}],"twitter_card":"summary_large_image","twitter_misc":{"Dur\u00e9e de lecture estim\u00e9e":"4 minutes"},"schema":{"@context":"https:\/\/schema.org","@graph":[{"@type":"WebPage","@id":"https:\/\/zhd-consulting.com\/","url":"https:\/\/zhd-consulting.com\/","name":"Front Page - ZHD Consulting","isPartOf":{"@id":"https:\/\/zhd-consulting.com\/#website"},"primaryImageOfPage":{"@id":"https:\/\/zhd-consulting.com\/#primaryimage"},"image":{"@id":"https:\/\/zhd-consulting.com\/#primaryimage"},"thumbnailUrl":"https:\/\/zhd-consulting.com\/wp-content\/plugins\/mesmerize-companion\/theme-data\/mesmerize\/sections\/images\/computer-2569652.jpg","datePublished":"2020-12-08T16:29:07+00:00","dateModified":"2024-04-13T18:55:09+00:00","breadcrumb":{"@id":"https:\/\/zhd-consulting.com\/#breadcrumb"},"inLanguage":"fr-FR","potentialAction":[{"@type":"ReadAction","target":["https:\/\/zhd-consulting.com\/"]}]},{"@type":"ImageObject","inLanguage":"fr-FR","@id":"https:\/\/zhd-consulting.com\/#primaryimage","url":"https:\/\/zhd-consulting.com\/wp-content\/plugins\/mesmerize-companion\/theme-data\/mesmerize\/sections\/images\/computer-2569652.jpg","contentUrl":"https:\/\/zhd-consulting.com\/wp-content\/plugins\/mesmerize-companion\/theme-data\/mesmerize\/sections\/images\/computer-2569652.jpg"},{"@type":"BreadcrumbList","@id":"https:\/\/zhd-consulting.com\/#breadcrumb","itemListElement":[{"@type":"ListItem","position":1,"name":"Accueil","item":"https:\/\/zhd-consulting.com\/"},{"@type":"ListItem","position":2,"name":"Front Page"}]},{"@type":"WebSite","@id":"https:\/\/zhd-consulting.com\/#website","url":"https:\/\/zhd-consulting.com\/","name":"ZHD Consulting","description":"Etudes et conseil en syst\u00e8mes d&#039;information","publisher":{"@id":"https:\/\/zhd-consulting.com\/#organization"},"potentialAction":[{"@type":"SearchAction","target":{"@type":"EntryPoint","urlTemplate":"https:\/\/zhd-consulting.com\/?s={search_term_string}"},"query-input":{"@type":"PropertyValueSpecification","valueRequired":true,"valueName":"search_term_string"}}],"inLanguage":"fr-FR"},{"@type":"Organization","@id":"https:\/\/zhd-consulting.com\/#organization","name":"ZHD Consulting","url":"https:\/\/zhd-consulting.com\/","logo":{"@type":"ImageObject","inLanguage":"fr-FR","@id":"https:\/\/zhd-consulting.com\/#\/schema\/logo\/image\/","url":"https:\/\/zhd-consulting.com\/wp-content\/uploads\/2019\/02\/cropped-logo_final-Copie-1.png","contentUrl":"https:\/\/zhd-consulting.com\/wp-content\/uploads\/2019\/02\/cropped-logo_final-Copie-1.png","width":695,"height":350,"caption":"ZHD Consulting"},"image":{"@id":"https:\/\/zhd-consulting.com\/#\/schema\/logo\/image\/"}}]}},"_links":{"self":[{"href":"https:\/\/zhd-consulting.com\/index.php\/wp-json\/wp\/v2\/pages\/52","targetHints":{"allow":["GET"]}}],"collection":[{"href":"https:\/\/zhd-consulting.com\/index.php\/wp-json\/wp\/v2\/pages"}],"about":[{"href":"https:\/\/zhd-consulting.com\/index.php\/wp-json\/wp\/v2\/types\/page"}],"author":[{"embeddable":true,"href":"https:\/\/zhd-consulting.com\/index.php\/wp-json\/wp\/v2\/users\/1"}],"replies":[{"embeddable":true,"href":"https:\/\/zhd-consulting.com\/index.php\/wp-json\/wp\/v2\/comments?post=52"}],"version-history":[{"count":3,"href":"https:\/\/zhd-consulting.com\/index.php\/wp-json\/wp\/v2\/pages\/52\/revisions"}],"predecessor-version":[{"id":78,"href":"https:\/\/zhd-consulting.com\/index.php\/wp-json\/wp\/v2\/pages\/52\/revisions\/78"}],"wp:attachment":[{"href":"https:\/\/zhd-consulting.com\/index.php\/wp-json\/wp\/v2\/media?parent=52"}],"curies":[{"name":"wp","href":"https:\/\/api.w.org\/{rel}","templated":true}]}}